{"id":393,"date":"2025-07-24T14:24:43","date_gmt":"2025-07-24T14:24:43","guid":{"rendered":"https:\/\/leoyfelipesecasan.es\/?page_id=393"},"modified":"2025-07-25T07:46:45","modified_gmt":"2025-07-25T07:46:45","slug":"hotel","status":"publish","type":"page","link":"https:\/\/leoyfelipesecasan.es\/index.php\/hotel\/","title":{"rendered":"hotel"},"content":{"rendered":"\t\t<div data-elementor-type=\"wp-page\" data-elementor-id=\"393\" class=\"elementor elementor-393\" data-elementor-post-type=\"page\">\n\t\t\t\t<div class=\"elementor-element elementor-element-d987506 e-flex e-con-boxed e-con e-parent\" data-id=\"d987506\" data-element_type=\"container\">\n\t\t\t\t\t<div class=\"e-con-inner\">\n\t\t\t\t<div class=\"elementor-element elementor-element-232934e elementor-align-center elementor-widget elementor-widget-button\" data-id=\"232934e\" data-element_type=\"widget\" data-widget_type=\"button.default\">\n\t\t\t\t<div class=\"elementor-widget-container\">\n\t\t\t\t\t\t\t<div class=\"elementor-button-wrapper\">\n\t\t\t\t\t<a class=\"elementor-button elementor-button-link elementor-size-sm\" href=\"https:\/\/leoyfelipesecasan.es\/index.php\/tu-experiencia-white-lotus-en-rodas-grecia\/\">\n\t\t\t\t\t\t<span class=\"elementor-button-content-wrapper\">\n\t\t\t\t\t\t\t\t\t<span class=\"elementor-button-text\">Tu experiencia White Lotus<\/span>\n\t\t\t\t\t<\/span>\n\t\t\t\t\t<\/a>\n\t\t\t\t<\/div>\n\t\t\t\t\t\t<\/div>\n\t\t\t\t<\/div>\n\t\t\t\t\t<\/div>\n\t\t\t\t<\/div>\n\t\t<div class=\"elementor-element elementor-element-5d144fe e-flex e-con-boxed e-con e-parent\" data-id=\"5d144fe\" data-element_type=\"container\">\n\t\t\t\t\t<div class=\"e-con-inner\">\n\t\t\t\t<div class=\"elementor-element elementor-element-29550d2 elementor-align-center elementor-widget elementor-widget-button\" data-id=\"29550d2\" data-element_type=\"widget\" data-widget_type=\"button.default\">\n\t\t\t\t<div class=\"elementor-widget-container\">\n\t\t\t\t\t\t\t<div class=\"elementor-button-wrapper\">\n\t\t\t\t\t<a class=\"elementor-button elementor-button-link elementor-size-sm\" href=\"https:\/\/leoyfelipesecasan.es\/index.php\/tu-experiencia-white-lotus-en-rodas-grecia\/\">\n\t\t\t\t\t\t<span class=\"elementor-button-content-wrapper\">\n\t\t\t\t\t\t\t\t\t<span class=\"elementor-button-text\">Tu experiencia White Lotus<\/span>\n\t\t\t\t\t<\/span>\n\t\t\t\t\t<\/a>\n\t\t\t\t<\/div>\n\t\t\t\t\t\t<\/div>\n\t\t\t\t<\/div>\n\t\t\t\t\t<\/div>\n\t\t\t\t<\/div>\n\t\t<div class=\"elementor-element elementor-element-217e3bd e-flex e-con-boxed e-con e-parent\" data-id=\"217e3bd\" data-element_type=\"container\">\n\t\t\t\t\t<div class=\"e-con-inner\">\n\t\t\t\t<div class=\"elementor-element elementor-element-87be5da elementor-align-center elementor-widget elementor-widget-button\" data-id=\"87be5da\" data-element_type=\"widget\" data-widget_type=\"button.default\">\n\t\t\t\t<div class=\"elementor-widget-container\">\n\t\t\t\t\t\t\t<div class=\"elementor-button-wrapper\">\n\t\t\t\t\t<a class=\"elementor-button elementor-button-link elementor-size-sm\" href=\"https:\/\/leoyfelipesecasan.es\/index.php\/tu-experiencia-white-lotus-en-rodas-grecia\/\">\n\t\t\t\t\t\t<span class=\"elementor-button-content-wrapper\">\n\t\t\t\t\t\t\t\t\t<span class=\"elementor-button-text\">Tu experiencia White Lotus<\/span>\n\t\t\t\t\t<\/span>\n\t\t\t\t\t<\/a>\n\t\t\t\t<\/div>\n\t\t\t\t\t\t<\/div>\n\t\t\t\t<\/div>\n\t\t\t\t\t<\/div>\n\t\t\t\t<\/div>\n\t\t<div class=\"elementor-element elementor-element-d823ee8 e-flex e-con-boxed e-con e-parent\" data-id=\"d823ee8\" data-element_type=\"container\">\n\t\t\t\t\t<div class=\"e-con-inner\">\n\t\t\t\t<div class=\"elementor-element elementor-element-8b838f4 elementor-align-center elementor-widget elementor-widget-button\" data-id=\"8b838f4\" data-element_type=\"widget\" data-widget_type=\"button.default\">\n\t\t\t\t<div class=\"elementor-widget-container\">\n\t\t\t\t\t\t\t<div class=\"elementor-button-wrapper\">\n\t\t\t\t\t<a class=\"elementor-button elementor-button-link elementor-size-sm\" href=\"https:\/\/leoyfelipesecasan.es\/index.php\/tu-experiencia-white-lotus-en-rodas-grecia\/\">\n\t\t\t\t\t\t<span class=\"elementor-button-content-wrapper\">\n\t\t\t\t\t\t\t\t\t<span class=\"elementor-button-text\">Tu experiencia White Lotus<\/span>\n\t\t\t\t\t<\/span>\n\t\t\t\t\t<\/a>\n\t\t\t\t<\/div>\n\t\t\t\t\t\t<\/div>\n\t\t\t\t<\/div>\n\t\t\t\t\t<\/div>\n\t\t\t\t<\/div>\n\t\t<div class=\"elementor-element elementor-element-4bf3b7ff e-flex e-con-boxed e-con e-parent\" data-id=\"4bf3b7ff\" data-element_type=\"container\" data-settings=\"{&quot;background_background&quot;:&quot;classic&quot;}\">\n\t\t\t\t\t<div class=\"e-con-inner\">\n\t\t<div class=\"elementor-element elementor-element-6d29f853 e-flex e-con-boxed e-con e-child\" data-id=\"6d29f853\" data-element_type=\"container\">\n\t\t\t\t\t<div class=\"e-con-inner\">\n\t\t\t\t<div class=\"elementor-element elementor-element-6add3da4 animated-slow elementor-invisible elementor-widget elementor-widget-heading\" data-id=\"6add3da4\" data-element_type=\"widget\" data-settings=\"{&quot;_animation&quot;:&quot;slideInUp&quot;}\" data-widget_type=\"heading.default\">\n\t\t\t\t<div class=\"elementor-widget-container\">\n\t\t\t<h2 class=\"elementor-heading-title elementor-size-default\">amada colossos resort<\/h2>\t\t<\/div>\n\t\t\t\t<\/div>\n\t\t\t\t<div class=\"elementor-element elementor-element-145613b6 animated-slow elementor-invisible elementor-widget elementor-widget-heading\" data-id=\"145613b6\" data-element_type=\"widget\" data-settings=\"{&quot;_animation&quot;:&quot;slideInUp&quot;}\" data-widget_type=\"heading.default\">\n\t\t\t\t<div class=\"elementor-widget-container\">\n\t\t\t<h2 class=\"elementor-heading-title elementor-size-default\">HOTEL DE 5 ESTRELLAS CON TODO INCLUIDO EN LA ISLA DE RODAS (GRECIA).<\/h2>\t\t<\/div>\n\t\t\t\t<\/div>\n\t\t\t\t\t<\/div>\n\t\t\t\t<\/div>\n\t\t\t\t<div class=\"elementor-element elementor-element-3b7cf84 elementor-align-center elementor-widget elementor-widget-button\" data-id=\"3b7cf84\" data-element_type=\"widget\" data-widget_type=\"button.default\">\n\t\t\t\t<div class=\"elementor-widget-container\">\n\t\t\t\t\t\t\t<div class=\"elementor-button-wrapper\">\n\t\t\t\t\t<a class=\"elementor-button elementor-button-link elementor-size-sm\" href=\"https:\/\/leoyfelipesecasan.es\/index.php\/tu-experiencia-white-lotus-en-rodas-grecia\/\">\n\t\t\t\t\t\t<span class=\"elementor-button-content-wrapper\">\n\t\t\t\t\t\t\t\t\t<span class=\"elementor-button-text\">Volver al men\u00fa<\/span>\n\t\t\t\t\t<\/span>\n\t\t\t\t\t<\/a>\n\t\t\t\t<\/div>\n\t\t\t\t\t\t<\/div>\n\t\t\t\t<\/div>\n\t\t<div class=\"elementor-element elementor-element-ae5dfbe e-con-full e-flex e-con e-child\" data-id=\"ae5dfbe\" data-element_type=\"container\">\n\t\t<div class=\"elementor-element elementor-element-7c644aac e-con-full e-flex e-con e-child\" data-id=\"7c644aac\" data-element_type=\"container\">\n\t\t\t\t<div class=\"elementor-element elementor-element-1ef4d13d elementor-widget elementor-widget-heading\" data-id=\"1ef4d13d\" data-element_type=\"widget\" data-widget_type=\"heading.default\">\n\t\t\t\t<div class=\"elementor-widget-container\">\n\t\t\t<h3 class=\"elementor-heading-title elementor-size-default\">LA WEB DEL HOTEL<\/h3>\t\t<\/div>\n\t\t\t\t<\/div>\n\t\t\t\t<div class=\"elementor-element elementor-element-15ebed09 elementor-position-top elementor-widget elementor-widget-image-box\" data-id=\"15ebed09\" data-element_type=\"widget\" data-widget_type=\"image-box.default\">\n\t\t\t\t<div class=\"elementor-widget-container\">\n\t\t\t<div class=\"elementor-image-box-wrapper\"><figure class=\"elementor-image-box-img\"><a href=\"https:\/\/amadacolossosresort.com\" tabindex=\"-1\"><img fetchpriority=\"high\" decoding=\"async\" width=\"1200\" height=\"680\" src=\"https:\/\/leoyfelipesecasan.es\/wp-content\/uploads\/2025\/07\/amada-colossos-resort.jpg\" class=\"attachment-full size-full wp-image-399\" alt=\"\" srcset=\"https:\/\/leoyfelipesecasan.es\/wp-content\/uploads\/2025\/07\/amada-colossos-resort.jpg 1200w, https:\/\/leoyfelipesecasan.es\/wp-content\/uploads\/2025\/07\/amada-colossos-resort-300x170.jpg 300w, https:\/\/leoyfelipesecasan.es\/wp-content\/uploads\/2025\/07\/amada-colossos-resort-1024x580.jpg 1024w, https:\/\/leoyfelipesecasan.es\/wp-content\/uploads\/2025\/07\/amada-colossos-resort-768x435.jpg 768w\" sizes=\"(max-width: 1200px) 100vw, 1200px\" \/><\/a><\/figure><div class=\"elementor-image-box-content\"><p class=\"elementor-image-box-description\">En este apartado puedes acceder a la web del hotel donde puedes ver todos los servicios que incluye (Spa, masajes, gimnasio, piscinas, acceso a playa privada (est\u00e1 en primera l\u00ednea y tiene su propia playa), numerosos restaurantes, tiendas, etc).<\/p><\/div><\/div>\t\t<\/div>\n\t\t\t\t<\/div>\n\t\t\t\t<\/div>\n\t\t<div class=\"elementor-element elementor-element-7ae68917 e-con-full e-flex e-con e-child\" data-id=\"7ae68917\" data-element_type=\"container\">\n\t\t\t\t<div class=\"elementor-element elementor-element-7fc83ea8 elementor-widget elementor-widget-heading\" data-id=\"7fc83ea8\" data-element_type=\"widget\" data-widget_type=\"heading.default\">\n\t\t\t\t<div class=\"elementor-widget-container\">\n\t\t\t<h3 class=\"elementor-heading-title elementor-size-default\">IMAGENES Y RESE\u00d1AS DEL HOTEL EN TRIPADVISOR<\/h3>\t\t<\/div>\n\t\t\t\t<\/div>\n\t\t\t\t<div class=\"elementor-element elementor-element-20266092 elementor-position-top elementor-widget elementor-widget-image-box\" data-id=\"20266092\" data-element_type=\"widget\" data-widget_type=\"image-box.default\">\n\t\t\t\t<div class=\"elementor-widget-container\">\n\t\t\t<div class=\"elementor-image-box-wrapper\"><figure class=\"elementor-image-box-img\"><a href=\"https:\/\/www.tripadvisor.es\/Hotel_Review-g1012852-d597773-Reviews-Amada_Colossos_Resort-Kallithea_Rhodes_Dodecanese_South_Aegean.html\" tabindex=\"-1\"><img decoding=\"async\" width=\"900\" height=\"506\" src=\"https:\/\/leoyfelipesecasan.es\/wp-content\/uploads\/2025\/07\/amada-colossos-resort-33.jpg\" class=\"attachment-full size-full wp-image-406\" alt=\"\" srcset=\"https:\/\/leoyfelipesecasan.es\/wp-content\/uploads\/2025\/07\/amada-colossos-resort-33.jpg 900w, https:\/\/leoyfelipesecasan.es\/wp-content\/uploads\/2025\/07\/amada-colossos-resort-33-300x169.jpg 300w, https:\/\/leoyfelipesecasan.es\/wp-content\/uploads\/2025\/07\/amada-colossos-resort-33-768x432.jpg 768w\" sizes=\"(max-width: 900px) 100vw, 900px\" \/><\/a><\/figure><div class=\"elementor-image-box-content\"><p class=\"elementor-image-box-description\">Descubre la incre\u00edble galer\u00eda de fotos de Trip Advisor sobre este hotel, con m\u00e1s de 300 instant\u00e1neas. Tambi\u00e9n podr\u00e1s revisar la valoraci\u00f3n general y las opiniones particulares de los hu\u00e9spedes y clientes. <\/p><\/div><\/div>\t\t<\/div>\n\t\t\t\t<\/div>\n\t\t\t\t<\/div>\n\t\t<div class=\"elementor-element elementor-element-429bb02f e-con-full e-flex e-con e-child\" data-id=\"429bb02f\" data-element_type=\"container\">\n\t\t\t\t<div class=\"elementor-element elementor-element-70e494e7 elementor-widget elementor-widget-heading\" data-id=\"70e494e7\" data-element_type=\"widget\" data-widget_type=\"heading.default\">\n\t\t\t\t<div class=\"elementor-widget-container\">\n\t\t\t<h3 class=\"elementor-heading-title elementor-size-default\">IMAGENES DEL HOTEL EN booking<\/h3>\t\t<\/div>\n\t\t\t\t<\/div>\n\t\t\t\t<div class=\"elementor-element elementor-element-148155c1 elementor-position-top elementor-widget elementor-widget-image-box\" data-id=\"148155c1\" data-element_type=\"widget\" data-widget_type=\"image-box.default\">\n\t\t\t\t<div class=\"elementor-widget-container\">\n\t\t\t<div class=\"elementor-image-box-wrapper\"><figure class=\"elementor-image-box-img\"><a href=\"https:\/\/www.booking.com\/hotel\/gr\/amadacolossosresort.es.html?aid=356980&#038;label=gog235jc-1FCAsoXEITYW1hZGFjb2xvc3Nvc3Jlc29ydEgKWANoRogBAZgBCrgBB8gBDdgBAegBAfgBAogCAagCA7gC-NyJxAbAAgHSAiQ4YjAyNWYyNi00MDg1LTRkMjMtODMzNS1jMDg0MWFhMTI4ZTXYAgXgAgE&#038;sid=4416dc66dc0c9d08649d27edb9c6d1a7&#038;dest_id=900039186&#038;dest_type=city&#038;dist=0&#038;group_adults=2&#038;group_children=0&#038;hapos=1&#038;hpos=1&#038;no_rooms=1&#038;req_adults=2&#038;req_children=0&#038;room1=A%2CA&#038;sb_price_type=total&#038;sr_order=popularity&#038;srepoch=1753378451&#038;srpvid=bc627b7de19a0406&#038;type=total&#038;ucfs=1&#038;\" tabindex=\"-1\"><img decoding=\"async\" width=\"1024\" height=\"683\" src=\"https:\/\/leoyfelipesecasan.es\/wp-content\/uploads\/2025\/07\/244746586-1.jpg\" class=\"attachment-full size-full wp-image-419\" alt=\"\" srcset=\"https:\/\/leoyfelipesecasan.es\/wp-content\/uploads\/2025\/07\/244746586-1.jpg 1024w, https:\/\/leoyfelipesecasan.es\/wp-content\/uploads\/2025\/07\/244746586-1-300x200.jpg 300w, https:\/\/leoyfelipesecasan.es\/wp-content\/uploads\/2025\/07\/244746586-1-768x512.jpg 768w\" sizes=\"(max-width: 1024px) 100vw, 1024px\" \/><\/a><\/figure><div class=\"elementor-image-box-content\"><p class=\"elementor-image-box-description\">Un poco lo mismo que en Trip Advisor, pero para que veas otras im\u00e1genes y otros comentarios, as\u00ed podemos empaparnos de todo. <\/p><\/div><\/div>\t\t<\/div>\n\t\t\t\t<\/div>\n\t\t\t\t<\/div>\n\t\t\t\t<\/div>\n\t\t\t\t\t<\/div>\n\t\t\t\t<\/div>\n\t\t<div class=\"elementor-element elementor-element-900883d e-flex e-con-boxed e-con e-parent\" data-id=\"900883d\" data-element_type=\"container\">\n\t\t\t\t\t<div class=\"e-con-inner\">\n\t\t\t\t\t<\/div>\n\t\t\t\t<\/div>\n\t\t\t\t<\/div>\n\t\t","protected":false},"excerpt":{"rendered":"<p>Tu experiencia White Lotus Tu experiencia White Lotus Tu experiencia White Lotus Tu experiencia White Lotus amada colossos resort HOTEL DE 5 ESTRELLAS CON TODO INCLUIDO EN LA ISLA DE RODAS (GRECIA). Volver al men\u00fa LA WEB DEL HOTEL En este apartado puedes acceder a la web del hotel donde puedes ver todos los servicios [&hellip;]<\/p>\n","protected":false},"author":1,"featured_media":0,"parent":0,"menu_order":0,"comment_status":"closed","ping_status":"closed","template":"elementor_canvas","meta":{"footnotes":""},"class_list":["post-393","page","type-page","status-publish","hentry"],"_links":{"self":[{"href":"https:\/\/leoyfelipesecasan.es\/index.php\/wp-json\/wp\/v2\/pages\/393","targetHints":{"allow":["GET"]}}],"collection":[{"href":"https:\/\/leoyfelipesecasan.es\/index.php\/wp-json\/wp\/v2\/pages"}],"about":[{"href":"https:\/\/leoyfelipesecasan.es\/index.php\/wp-json\/wp\/v2\/types\/page"}],"author":[{"embeddable":true,"href":"https:\/\/leoyfelipesecasan.es\/index.php\/wp-json\/wp\/v2\/users\/1"}],"replies":[{"embeddable":true,"href":"https:\/\/leoyfelipesecasan.es\/index.php\/wp-json\/wp\/v2\/comments?post=393"}],"version-history":[{"count":13,"href":"https:\/\/leoyfelipesecasan.es\/index.php\/wp-json\/wp\/v2\/pages\/393\/revisions"}],"predecessor-version":[{"id":453,"href":"https:\/\/leoyfelipesecasan.es\/index.php\/wp-json\/wp\/v2\/pages\/393\/revisions\/453"}],"wp:attachment":[{"href":"https:\/\/leoyfelipesecasan.es\/index.php\/wp-json\/wp\/v2\/media?parent=393"}],"curies":[{"name":"wp","href":"https:\/\/api.w.org\/{rel}","templated":true}]}}